{"id":3,"date":"2019-04-02T10:46:50","date_gmt":"2019-04-02T08:46:50","guid":{"rendered":"https:\/\/kramat24.pl\/?page_id=3"},"modified":"2019-11-21T13:45:45","modified_gmt":"2019-11-21T12:45:45","slug":"polityka-prywatnosci","status":"publish","type":"page","link":"https:\/\/kramat24.pl\/pl\/polityka-prywatnosci\/","title":{"rendered":"Polityka prywatno\u015bci"},"content":{"rendered":"\t\t<div data-elementor-type=\"wp-post\" data-elementor-id=\"3\" class=\"elementor elementor-3\" data-elementor-post-type=\"page\">\n\t\t\t\t\t\t<section class=\"elementor-section elementor-top-section elementor-element elementor-element-8e55c8b elementor-section-boxed elementor-section-height-default elementor-section-height-default\" data-id=\"8e55c8b\" data-element_type=\"section\">\n\t\t\t\t\t\t<div class=\"elementor-container elementor-column-gap-default\">\n\t\t\t\t\t<div class=\"elementor-column elementor-col-100 elementor-top-column elementor-element elementor-element-df422e9\" data-id=\"df422e9\" data-element_type=\"column\">\n\t\t\t<div class=\"elementor-widget-wrap elementor-element-populated\">\n\t\t\t\t\t\t<div class=\"elementor-element elementor-element-3820f6d elementor-widget elementor-widget-uael-advanced-heading\" data-id=\"3820f6d\" data-element_type=\"widget\" data-widget_type=\"uael-advanced-heading.default\">\n\t\t\t\t<div class=\"elementor-widget-container\">\n\t\t\t\t\t\n\t\t<div class=\"uael-module-content uael-heading-wrapper\">\n\t\t\t\t\t\t\n\t\t\t<h2 class=\"uael-heading\">\n\t\t\t\t\t\t\t\t\t\t<span class=\"uael-heading-text elementor-inline-editing uael-size--default\" data-elementor-setting-key=\"heading_title\" data-elementor-inline-editing-toolbar=\"basic\">Polityka prywatno\u015bci<\/span>\n\t\t\t\t\t\t\t<\/h2>\n\n\t\t\t\n\t\t\t\n\t\t\t\t\t\t\t<div class=\"uael-subheading elementor-inline-editing\" data-elementor-setting-key=\"heading_description\" data-elementor-inline-editing-toolbar=\"advanced\" >\n\t\t\t\t\tNiniejsza Polityka okre\u015bla zasady gromadzenia, przetwarzania i wykorzystywania danych osobowych.\t\t\t\t<\/div>\n\t\t\t\t\n\t\t\t\t\t\t<\/div>\n\t\t\t\t\t\t<\/div>\n\t\t\t\t<\/div>\n\t\t\t\t<div class=\"elementor-element elementor-element-299e932 elementor-widget elementor-widget-text-editor\" data-id=\"299e932\" data-element_type=\"widget\" data-widget_type=\"text-editor.default\">\n\t\t\t\t<div class=\"elementor-widget-container\">\n\t\t\t\t\t\t\t\t\t<ol><li>Dane osobowe przetwarzane s\u0105 przez: KRAMAT MATEUSZ KRASZEWSKI. z siedzib\u0105 w Niemiry 71, 07-221 Bra\u0144szczyk, tel. +48515706242<\/li><li>Dane inspektora ochrony danych: Mateusz Kraszewski, adres e-mail: mateusz@kramat24.pl <\/li><li>Przetwarzanie danych osobowych odbywa si\u0119 zgodnie z Rozporz\u0105dzeniem Parlamentu Europejskiego i Rady (UE) 2016\/679 z dnia 27 kwietnia 2016 r. W sprawie ochrony os\u00f3b fizycznych w zwi\u0105zku z przetwarzaniem danych osobowych i w sprawie swobodnego przep\u0142ywu takich danych oraz uchylenia dyrektywy 95\/46\/WE \u2013 zwanym dalej \u201eRODO\u201d.<\/li><li>Maj\u0105 Pa\u0144stwo prawo: \u017c\u0105da\u0107 dost\u0119pu do swoich danych osobowych, ich sprostowania, usuni\u0119cia, ograniczenia przetwarzania, wniesienia sprzeciwu wobec przetwarzania, a tak\u017ce do przenoszenia danych.<\/li><li>Je\u015bli przetwarzanie odbywa si\u0119 na podstawie Pa\u0144stwa zgody \u2013 mog\u0105 Pa\u0144stwo j\u0105 cofn\u0105\u0107 w dowolnym momencie, informuj\u0105c nas o tym, bez wp\u0142ywu na zgodno\u015b\u0107 z prawem przetwarzania, kt\u00f3rego dokonano wcze\u015bniej.<\/li><li>Mog\u0105 Pa\u0144stwo wnie\u015b\u0107 skarg\u0119 do Prezesa Urz\u0119du ochrony danych osobowych.<\/li><\/ol>\t\t\t\t\t\t\t\t<\/div>\n\t\t\t\t<\/div>\n\t\t\t\t<div class=\"elementor-element elementor-element-bda3d4a elementor-widget elementor-widget-uael-advanced-heading\" data-id=\"bda3d4a\" data-element_type=\"widget\" data-widget_type=\"uael-advanced-heading.default\">\n\t\t\t\t<div class=\"elementor-widget-container\">\n\t\t\t\t\t\n\t\t<div class=\"uael-module-content uael-heading-wrapper\">\n\t\t\t\t\t\t\n\t\t\t<h3 class=\"uael-heading\">\n\t\t\t\t\t\t\t\t\t\t<span class=\"uael-heading-text elementor-inline-editing uael-size--default\" data-elementor-setting-key=\"heading_title\" data-elementor-inline-editing-toolbar=\"basic\">Dane osobowe zawarte w korespondencji e-mail<\/span>\n\t\t\t\t\t\t\t<\/h3>\n\n\t\t\t\n\t\t\t\n\t\t\t\t\t\t\t<div class=\"uael-subheading elementor-inline-editing\" data-elementor-setting-key=\"heading_description\" data-elementor-inline-editing-toolbar=\"advanced\" >\n\t\t\t\t\tPrzetwarzanie odbywa si\u0119 w celu prowadzenia korespondencji za pomoc\u0105 poczty elektronicznej, na\npodstawie art. 6 ust. 1 lit. a RODO.\nPrzetwarzane s\u0105 dane osobowe przekazane przez Pa\u0144stwa w korespondencji mailowej w tym m.in.:\nimi\u0119 i nazwisko oraz adres e-mail.\nOdbiorcami danych osobowych s\u0105 adresaci korespondencji e-mail. Dane mog\u0105 by\u0107 przechowywane\nna zewn\u0119trznym serwerze pocztowym. Mog\u0105 mie\u0107 do nich r\u00f3wnie\u017c zewn\u0119trzne firmy IT, w zakresie\nserwisowania i dostarczania sprz\u0119tu informatycznego. Poza tym dane nie b\u0119d\u0105 ujawniane\n(udost\u0119pniane) innym podmiotom, poza przypadkami przewidzianymi w obowi\u0105zuj\u0105cych\nprzepisach.\nDane mog\u0105 by\u0107 przekazywane do pa\u0144stw trzecich \u2013 tylko je\u015bli adresat konkretnej wiadomo\u015bci\nkorzysta z dostawc\u00f3w us\u0142ug e-mailowych w takim pa\u0144stwie. Dane nie b\u0119d\u0105 przekazywane do\norganizacji mi\u0119dzynarodowych, chyba \u017ce obowi\u0105zek taki b\u0119dzie wynika\u0142 z przepis\u00f3w powszechnie\nobowi\u0105zuj\u0105cego prawa.\nDane b\u0119d\u0105 przechowywane do momentu zako\u0144czenia sprawy, kt\u00f3rej dotyczy korespondencja. W\nprzypadku korespondencji przek\u0142adaj\u0105cej si\u0119 na dalsz\u0105 wsp\u00f3\u0142prac\u0119 dane b\u0119d\u0105 przechowywane\nprzez okres 5 lat, licz\u0105c od ko\u0144ca roku kalendarzowego, w kt\u00f3rym up\u0142yn\u0105\u0142 termin p\u0142atno\u015bci podatku\nze wzgl\u0119du na obowi\u0105zuj\u0105ce przepisy podatkowe.\nPodanie danych jest dobrowolne, jednak\u017ce ich niepodanie mo\u017ce uniemo\u017cliwi\u0107 administratorowi\nkontakt e-mailowy z dan\u0105 osob\u0105\t\t\t\t<\/div>\n\t\t\t\t\n\t\t\t\t\t\t<\/div>\n\t\t\t\t\t\t<\/div>\n\t\t\t\t<\/div>\n\t\t\t\t<div class=\"elementor-element elementor-element-fa2b324 elementor-widget elementor-widget-uael-advanced-heading\" data-id=\"fa2b324\" data-element_type=\"widget\" data-widget_type=\"uael-advanced-heading.default\">\n\t\t\t\t<div class=\"elementor-widget-container\">\n\t\t\t\t\t\n\t\t<div class=\"uael-module-content uael-heading-wrapper\">\n\t\t\t\t\t\t\n\t\t\t<h3 class=\"uael-heading\">\n\t\t\t\t\t\t\t\t\t\t<span class=\"uael-heading-text elementor-inline-editing uael-size--default\" data-elementor-setting-key=\"heading_title\" data-elementor-inline-editing-toolbar=\"basic\">Dane zawarte na fakturach i innych dokumentach ksi\u0119gowych\n<\/span>\n\t\t\t\t\t\t\t<\/h3>\n\n\t\t\t\n\t\t\t\n\t\t\t\t\t\t\t<div class=\"uael-subheading elementor-inline-editing\" data-elementor-setting-key=\"heading_description\" data-elementor-inline-editing-toolbar=\"advanced\" >\n\t\t\t\t\t<ol type=\"1\">\n<li>Przetwarzanie danych odbywa si\u0119 w celu realizacji umowy oraz wype\u0142nienia obowi\u0105zk\u00f3w\nprawnych ci\u0105\u017c\u0105cych na administratorze(prowadzenie dokumentacji ksi\u0119gowej) zgodnie z art. 6 ust.\n1 lit. b oraz c RODO.<\/li>\n<li>Przetwarzane s\u0105 nast\u0119puj\u0105ce dane: nazwa i adres sprzedawcy oraz nabywcy, numery NIP,\newentualne dane osoby podpisuj\u0105cej oraz inne dane umieszczone na fakturach i innych\ndokumentach ksi\u0119gowych.<\/li>\n<li>Administrator mo\u017ce powierzy\u0107 przetwarzanie danych zewn\u0119trznym firmom ksi\u0119gowym i\nkancelariom prawnym. Mog\u0105 mie\u0107 do nich dost\u0119p r\u00f3wnie\u017c zewn\u0119trzne firmy IT, w zakresie\nserwisowania i dostarczania oprogramowania i sprz\u0119tu informatycznego, a tak\u017ce firmy pocztowe i\nkurierskie, w przypadku przesy\u0142ania korespondencji. Pa\u0144stwa dane, w przypadku realizacji p\u0142atno\u015bci,\nb\u0119d\u0105 przekazywane do bank\u00f3w. W pozosta\u0142ym zakresie dane nie b\u0119d\u0105 ujawniane (udost\u0119pniane) \ninnym podmiotom, poza przypadkami przewidzianymi w obowi\u0105zuj\u0105cych przepisach.<\/li>\n<li>Dane nie b\u0119d\u0105 przekazywane do Pa\u0144stw trzecich lub do organizacji mi\u0119dzynarodowych, chyba \u017ce\nobowi\u0105zek taki b\u0119dzie wynika\u0142 z przepis\u00f3w powszechnie obowi\u0105zuj\u0105cego prawa.\ni<li>Dane b\u0119d\u0105 przechowywane przez okres 5 lat licz\u0105c od ko\u0144ca roku kalendarzowego, w kt\u00f3rym\nup\u0142yn\u0105\u0142 termin p\u0142atno\u015bci podatku ze wzgl\u0119du na obowi\u0105zuj\u0105ce przepisy podatkowe.\nPodanie danych jest konieczne do realizacji umowy oraz wype\u0142nienia obowi\u0105zk\u00f3w wynikaj\u0105cych z\nprawa podatkowego.<\/li>\n<\/ol>\t\t\t\t<\/div>\n\t\t\t\t\n\t\t\t\t\t\t<\/div>\n\t\t\t\t\t\t<\/div>\n\t\t\t\t<\/div>\n\t\t\t\t<div class=\"elementor-element elementor-element-8b6b7ad elementor-widget elementor-widget-uael-advanced-heading\" data-id=\"8b6b7ad\" data-element_type=\"widget\" data-widget_type=\"uael-advanced-heading.default\">\n\t\t\t\t<div class=\"elementor-widget-container\">\n\t\t\t\t\t\n\t\t<div class=\"uael-module-content uael-heading-wrapper\">\n\t\t\t\t\t\t\n\t\t\t<h3 class=\"uael-heading\">\n\t\t\t\t\t\t\t\t\t\t<span class=\"uael-heading-text elementor-inline-editing uael-size--default\" data-elementor-setting-key=\"heading_title\" data-elementor-inline-editing-toolbar=\"basic\">Dane osobowe kierowc\u00f3w, przewo\u017anik\u00f3w, za\u0142adowc\u00f3w,\nwy\u0142adowc\u00f3w, spedytor\u00f3w, odbiorc\u00f3w i adresat\u00f3w zlece\u0144 w\nprocesach transportowych i spedycyjnych<\/span>\n\t\t\t\t\t\t\t<\/h3>\n\n\t\t\t\n\t\t\t\n\t\t\t\t\t\t\t<div class=\"uael-subheading elementor-inline-editing\" data-elementor-setting-key=\"heading_description\" data-elementor-inline-editing-toolbar=\"advanced\" >\n\t\t\t\t\t<ol type=\"1\">\n<li>Przetwarzanie odbywa si\u0119 w celu realizowania umowy oraz prawnie uzasadnionych interes\u00f3w\nadministratora (obs\u0142ugi podr\u00f3\u017cy s\u0142u\u017cbowych, organizacji czynno\u015bci transportowych i spedycyjnych),\nzgodnie z art. 6 ust. 1 lit. b oraz f RODO.<\/li>\n<li>Przetwarzane mog\u0105 by\u0107 nast\u0119puj\u0105ce dane: imi\u0119 i nazwisko ww. os\u00f3b, dane dokument\u00f3w, numer\nkontaktowy, numery rejestracyjne pojazd\u00f3w, pozycja i przebyta trasa, lokalizacja oraz inne dane\nzwi\u0105zane ze zleceniami transportowymi i spedycyjnymi.<\/li>\n<li>Administrator mo\u017ce przekazywa\u0107 dane klientom i kontrahentom, w zakresie zwi\u0105zanym z obs\u0142ug\u0105\nzlece\u0144 transportowych i spedycyjnych (inne firmy transportowe i spedycyjne, za\u0142adowcy i\nwy\u0142adowcy, nadawcy i odbiorcy \u0142adunk\u00f3w, przewo\u017anicy promowi, hotele itp.). Mog\u0105 mie\u0107 do nich\ndost\u0119p r\u00f3wnie\u017c zewn\u0119trzne firmy IT, w zakresie serwisowania i dostarczania oprogramowania i\nsprz\u0119tu informatycznego, a tak\u017ce zewn\u0119trzne firmy ksi\u0119gowe i kancelarie prawne. W pozosta\u0142ym\nzakresie dane nie b\u0119d\u0105 ujawniane (udost\u0119pniane) innym podmiotom, poza przypadkami\nprzewidzianymi w obowi\u0105zuj\u0105cych przepisach.<\/li>\n<li>Cz\u0119\u015b\u0107 klient\u00f3w i kontrahent\u00f3w administratora mo\u017ce mie\u0107 siedziby poza krajami Unii Europejskiej\n\u2013 wtedy mog\u0105 oni otrzymywa\u0107 dane ww. os\u00f3b w zakresie i na zasadach okre\u015blonych w pkt 3\npowy\u017cej. W takim zakresie stosuje si\u0119 art. 46 ust. 2 lit. c lub d albo art. 49 ust. 1 lit. b lub c RODO.\nObowi\u0105zuj\u0105ce w tych krajach przepisy o ochronie danych osobowych mog\u0105 by\u0107 mniej restrykcyjne\nni\u017c unijne. Poza tym dane nie b\u0119d\u0105 przekazane do pa\u0144stw trzecich lub do organizacji\nmi\u0119dzynarodowych.<\/li>\n<li>Dane b\u0119d\u0105 przechowywane przez okres 5 lat licz\u0105c od ko\u0144ca roku kalendarzowego, w kt\u00f3rym\nup\u0142yn\u0105\u0142 termin p\u0142atno\u015bci podatku ze wzgl\u0119du na obowi\u0105zuj\u0105ce przepisy podatkowe.<\/li>\n<li>Dane pozyskiwane s\u0105 bezpo\u015brednio od zleceniodawc\u00f3w, klient\u00f3w, kontrahent\u00f3w, kierowc\u00f3w lub\nod wsp\u00f3\u0142pracuj\u0105cych z nami firm transportowych i spedycyjnych.<\/li>\n<li>Podanie danych jest dobrowolne, jednak\u017ce je\u015bli dane maj\u0105 s\u0142u\u017cy\u0107 zawarciu umowy, w\nszczeg\u00f3lno\u015bci \u015bwiadczeniu przez Administratora us\u0142ug spedycji, ich niepodanie skutkuje\nniemo\u017cliwo\u015bci\u0105 zawarcia umowy.<\/li>\n<\/ol>\t\t\t\t<\/div>\n\t\t\t\t\n\t\t\t\t\t\t<\/div>\n\t\t\t\t\t\t<\/div>\n\t\t\t\t<\/div>\n\t\t\t\t<div class=\"elementor-element elementor-element-8d48e9c elementor-widget elementor-widget-uael-advanced-heading\" data-id=\"8d48e9c\" data-element_type=\"widget\" data-widget_type=\"uael-advanced-heading.default\">\n\t\t\t\t<div class=\"elementor-widget-container\">\n\t\t\t\t\t\n\t\t<div class=\"uael-module-content uael-heading-wrapper\">\n\t\t\t\t\t\t\n\t\t\t<h3 class=\"uael-heading\">\n\t\t\t\t\t\t\t\t\t\t<span class=\"uael-heading-text elementor-inline-editing uael-size--default\" data-elementor-setting-key=\"heading_title\" data-elementor-inline-editing-toolbar=\"basic\">Dane osobowe zbierane w ramach dzia\u0142ania monitoringu\nwizyjnego<\/span>\n\t\t\t\t\t\t\t<\/h3>\n\n\t\t\t\n\t\t\t\n\t\t\t\t\t\t\t<div class=\"uael-subheading elementor-inline-editing\" data-elementor-setting-key=\"heading_description\" data-elementor-inline-editing-toolbar=\"advanced\" >\n\t\t\t\t\t<ol type=\"1\">\n<li>Przetwarzanie odbywa si\u0119 na podstawie przetwarzania jest art. 6 ust. 1 lit. f RODO oraz Kodeksu\nPracy \u2013 Ustawa z dnia 26 czerwca 1974 r. (tj. Dz. U. z 2018 r., poz. 108), a monitoring stosowany\njest w celu ochrony mienia oraz zapewnienia bezpiecze\u0144stwa na terenie monitorowanym.<\/li>\n<li>Przetwarzane s\u0105 nast\u0119puj\u0105ce dane: wizerunek os\u00f3b na terenie obj\u0119tym monitoringiem.<\/li>\n<li>Dane osobowe mog\u0105 by\u0107 ujawnione odpowiednim s\u0142u\u017cbom w przypadku zarejestrowania\nprzest\u0119pstwa lub uszkodzenia mienia. Poza tym dane nie b\u0119d\u0105 ujawniane (udost\u0119pniane) innym\npodmiotom, poza przypadkami przewidzianymi w obowi\u0105zuj\u0105cych przepisach.<\/li>\n<li>Dane nie b\u0119d\u0105 przekazywane do pa\u0144stw trzecich lub organizacji mi\u0119dzynarodowych.<\/li>\n<li>Dane przechowywane b\u0119d\u0105 przez okres 30 dni. W przypadku, w kt\u00f3rym nagrania obrazu\nstanowi\u0105 dow\u00f3d w post\u0119powaniu lub pracodawca powzi\u0105\u0142 wiadomo\u015b\u0107, i\u017c mog\u0105 one stanowi\u0107 dow\u00f3d \nw post\u0119powaniu, ww. termin ulega przed\u0142u\u017ceniu do czasu prawomocnego zako\u0144czenia\npost\u0119powania.<\/li>\n<\/ol>\t\t\t\t<\/div>\n\t\t\t\t\n\t\t\t\t\t\t<\/div>\n\t\t\t\t\t\t<\/div>\n\t\t\t\t<\/div>\n\t\t\t\t<div class=\"elementor-element elementor-element-bc86adf elementor-widget elementor-widget-uael-advanced-heading\" data-id=\"bc86adf\" data-element_type=\"widget\" data-widget_type=\"uael-advanced-heading.default\">\n\t\t\t\t<div class=\"elementor-widget-container\">\n\t\t\t\t\t\n\t\t<div class=\"uael-module-content uael-heading-wrapper\">\n\t\t\t\t\t\t\n\t\t\t<h3 class=\"uael-heading\">\n\t\t\t\t\t\t\t\t\t\t<span class=\"uael-heading-text elementor-inline-editing uael-size--default\" data-elementor-setting-key=\"heading_title\" data-elementor-inline-editing-toolbar=\"basic\">Pliki cookie (ciasteczka)\n<\/span>\n\t\t\t\t\t\t\t<\/h3>\n\n\t\t\t\n\t\t\t\n\t\t\t\t\t\t\t<div class=\"uael-subheading elementor-inline-editing\" data-elementor-setting-key=\"heading_description\" data-elementor-inline-editing-toolbar=\"advanced\" >\n\t\t\t\t\t<ol type=\"1\">\n<li>W celu zapewnienia jak najwi\u0119kszego komfortu korzystanie z naszej strony internetowej, podczas\njej przegl\u0105dania, na Pa\u0144stwa urz\u0105dzeniu zapisywane s\u0105 niewielkie pliki, tzw. cookie. Pliki te\numo\u017cliwiaj\u0105 dostosowanie zawarto\u015bci serwisu do Pa\u0144stwa potrzeb i zainteresowa\u0144. Dzi\u0119ki zapisaniu\nich na Pa\u0144stwa urz\u0105dzeniu mo\u017cliwe jest m.in. wy\u015bwietlanie strony w spos\u00f3b najodpowiedniejszy dla\nokre\u015blonego u\u017cytkownika. Pliki cookie umo\u017cliwiaj\u0105 nam zbieranie danych statystycznych, dzi\u0119ki\nkt\u00f3rym rozwijamy witryn\u0119 zgodnie z preferencjami naszych u\u017cytkownik\u00f3w.<\/li>\n<li>U\u017cytkownik mo\u017ce samodzielnie w dowolnym momencie zablokowa\u0107 b\u0105d\u017a ograniczy\u0107 mo\u017cliwo\u015b\u0107\nzapisywania plik\u00f3w cookie na swoim urz\u0105dzeniu, jednak istnieje ryzyko, \u017ce ta operacja utrudni\nkorzystanie z witryny.<\/li>\n<\/ol>\t\t\t\t<\/div>\n\t\t\t\t\n\t\t\t\t\t\t<\/div>\n\t\t\t\t\t\t<\/div>\n\t\t\t\t<\/div>\n\t\t\t\t<div class=\"elementor-element elementor-element-7f479b2 elementor-widget elementor-widget-uael-advanced-heading\" data-id=\"7f479b2\" data-element_type=\"widget\" data-widget_type=\"uael-advanced-heading.default\">\n\t\t\t\t<div class=\"elementor-widget-container\">\n\t\t\t\t\t\n\t\t<div class=\"uael-module-content uael-heading-wrapper\">\n\t\t\t\t\t\t\n\t\t\t<h3 class=\"uael-heading\">\n\t\t\t\t\t\t\t\t\t\t<span class=\"uael-heading-text elementor-inline-editing uael-size--default\" data-elementor-setting-key=\"heading_title\" data-elementor-inline-editing-toolbar=\"basic\">Podsumowanie<\/span>\n\t\t\t\t\t\t\t<\/h3>\n\n\t\t\t\n\t\t\t\n\t\t\t\t\t\t\t<div class=\"uael-subheading elementor-inline-editing\" data-elementor-setting-key=\"heading_description\" data-elementor-inline-editing-toolbar=\"advanced\" >\n\t\t\t\t\t<ol type=\"1\">\n<li>Wszystkie przetwarzane przez nas dane osobowe zabezpieczone s\u0105 zgodnie z wymogami RODO.\nDok\u0142adamy wszelkich mo\u017cliwych stara\u0144, aby zabezpieczy\u0107 Pa\u0144stwa dane i chroni\u0107 je przed\ndzia\u0142aniem os\u00f3b trzecich.<\/li>\n<li>Zastrzegamy sobie prawo do aktualizacji i zmiany niniejszej polityki prywatno\u015bci poprzez\npublikacj\u0119 nowej wersji na stronie.<\/li>\n<li>W przypadku jakichkolwiek w\u0105tpliwo\u015bci oraz dodatkowych pyta\u0144 dotycz\u0105cych ochrony\nprywatno\u015bci, prosimy o kontakt.<\/li>\n<\/ol>\t\t\t\t<\/div>\n\t\t\t\t\n\t\t\t\t\t\t<\/div>\n\t\t\t\t\t\t<\/div>\n\t\t\t\t<\/div>\n\t\t\t\t\t<\/div>\n\t\t<\/div>\n\t\t\t\t\t<\/div>\n\t\t<\/section>\n\t\t\t\t<\/div>\n\t\t","protected":false},"excerpt":{"rendered":"<p>Polityka prywatno\u015bci Niniejsza Polityka okre\u015bla zasady gromadzenia, przetwarzania i wykorzystywania danych osobowych. Dane osobowe przetwarzane s\u0105 przez: KRAMAT MATEUSZ KRASZEWSKI. z siedzib\u0105 w Niemiry 71, 07-221 Bra\u0144szczyk, tel. +48515706242 Dane inspektora ochrony danych: Mateusz Kraszewski, adres e-mail: mateusz@kramat24.pl Przetwarzanie danych osobowych odbywa si\u0119 zgodnie z Rozporz\u0105dzeniem Parlamentu Europejskiego i Rady (UE) 2016\/679 z dnia 27 [&hellip;]<\/p>\n","protected":false},"author":1,"featured_media":0,"parent":0,"menu_order":0,"comment_status":"closed","ping_status":"open","template":"","meta":{"footnotes":""},"class_list":["post-3","page","type-page","status-publish","hentry"],"_links":{"self":[{"href":"https:\/\/kramat24.pl\/pl\/wp-json\/wp\/v2\/pages\/3","targetHints":{"allow":["GET"]}}],"collection":[{"href":"https:\/\/kramat24.pl\/pl\/wp-json\/wp\/v2\/pages"}],"about":[{"href":"https:\/\/kramat24.pl\/pl\/wp-json\/wp\/v2\/types\/page"}],"author":[{"embeddable":true,"href":"https:\/\/kramat24.pl\/pl\/wp-json\/wp\/v2\/users\/1"}],"replies":[{"embeddable":true,"href":"https:\/\/kramat24.pl\/pl\/wp-json\/wp\/v2\/comments?post=3"}],"version-history":[{"count":8,"href":"https:\/\/kramat24.pl\/pl\/wp-json\/wp\/v2\/pages\/3\/revisions"}],"predecessor-version":[{"id":556,"href":"https:\/\/kramat24.pl\/pl\/wp-json\/wp\/v2\/pages\/3\/revisions\/556"}],"wp:attachment":[{"href":"https:\/\/kramat24.pl\/pl\/wp-json\/wp\/v2\/media?parent=3"}],"curies":[{"name":"wp","href":"https:\/\/api.w.org\/{rel}","templated":true}]}}